{"id":1174,"date":"2022-02-18T14:29:25","date_gmt":"2022-02-18T13:29:25","guid":{"rendered":"https:\/\/dev.sheyun.be\/home\/"},"modified":"2025-05-16T12:32:21","modified_gmt":"2025-05-16T10:32:21","slug":"about-us","status":"publish","type":"page","link":"https:\/\/sheyun.be\/en\/","title":{"rendered":"About Us"},"content":{"rendered":"<p>[et_pb_section fb_built=&#8221;1&#8243; _builder_version=&#8221;4.27.4&#8243; _module_preset=&#8221;default&#8221; background_enable_image=&#8221;on&#8221; custom_padding=&#8221;50px||50px||true|false&#8221; global_colors_info=&#8221;{}&#8221;][et_pb_row _builder_version=&#8221;4.27.0&#8243; _module_preset=&#8221;default&#8221; global_colors_info=&#8221;{}&#8221;][et_pb_column type=&#8221;4_4&#8243; _builder_version=&#8221;4.27.0&#8243; _module_preset=&#8221;default&#8221; global_colors_info=&#8221;{}&#8221;][et_pb_image src=&#8221;https:\/\/sheyun.be\/wp-content\/uploads\/2024\/01\/She-Yun-text-image-v2-revised-and-approved-min-e1704780203991.png&#8221; title_text=&#8221;She Yu\u0308n &#8211; text image v2 revised and approved-min&#8221; align=&#8221;center&#8221; _builder_version=&#8221;4.27.0&#8243; _module_preset=&#8221;default&#8221; width=&#8221;50%&#8221; global_colors_info=&#8221;{}&#8221;][\/et_pb_image][\/et_pb_column][\/et_pb_row][\/et_pb_section][et_pb_section fb_built=&#8221;1&#8243; _builder_version=&#8221;4.27.4&#8243; _module_preset=&#8221;default&#8221; background_color=&#8221;#AFAEA6&#8243; background_enable_color=&#8221;on&#8221; global_colors_info=&#8221;{}&#8221;][et_pb_row _builder_version=&#8221;4.27.0&#8243; _module_preset=&#8221;default&#8221; width=&#8221;90%&#8221; max_width=&#8221;100%&#8221; global_colors_info=&#8221;{}&#8221;][et_pb_column type=&#8221;4_4&#8243; _builder_version=&#8221;4.27.0&#8243; _module_preset=&#8221;default&#8221; global_colors_info=&#8221;{}&#8221;][et_pb_text ul_type=&#8221;circle&#8221; ul_item_indent=&#8221;25px&#8221; _builder_version=&#8221;4.27.4&#8243; _module_preset=&#8221;default&#8221; ul_line_height=&#8221;1.5em&#8221; header_font=&#8221;|800|||||||&#8221; header_line_height=&#8221;1.25em&#8221; background_layout=&#8221;dark&#8221; global_colors_info=&#8221;{}&#8221;]<\/p>\n<h1>She Y\u00fcn helps children in Sikkim with their schooling<\/h1>\n<p>Created in 2014, She Y\u00fcn is an organisation made up of volunteers that support children in their schooling in Sikkim, one of the northern states of India. Children are admitted to our school support programme regardless of their social, ethnic, gender or religious background. She Y\u00fcn means &#8220;education&#8221; in Tibetan. Lama Zeupa &#8211; the inspiration behind She Y\u00fcn &#8211; considers education to be one of the major keys to personal liberation.<\/p>\n<p>The organisation is structured around two legal entities: <strong>She Y\u00fcn asbl<\/strong> in Belgium (aka <em>She Y\u00fcn Belgium<\/em>) and <strong>She Y\u00fcn Society<\/strong> in Sikkim (aka <em>She Y\u00fcn Sikkim<\/em>).<\/p>\n<p>[\/et_pb_text][et_pb_text ul_type=&#8221;circle&#8221; ul_item_indent=&#8221;25px&#8221; _builder_version=&#8221;4.27.4&#8243; _module_preset=&#8221;default&#8221; ul_line_height=&#8221;1.5em&#8221; header_font=&#8221;|800|||||||&#8221; header_line_height=&#8221;1.25em&#8221; background_layout=&#8221;dark&#8221; global_colors_info=&#8221;{}&#8221;]<\/p>\n<h2>She Y\u00fcn Belgium<\/h2>\n<p><em>She Y\u00fcn Belgium<\/em>, incorporated as a non-profit association, provides the funds needed to cover the school fees of children who, without this support, would not be able to attend school, for reasons of financial means and\/or geographical accessibility. The region is mountainous. It also works to ensure that the partnership relationship is part of a legal and transparent framework.<\/p>\n<h2>She Y\u00fcn Sikkim<\/h2>\n<p><em>She Y\u00fcn Sikkim<\/em>, in coordination with <em>She Y\u00fcn Belgium<\/em>, takes full responsibility for implementing the project on the ground.<\/p>\n<p>[\/et_pb_text][et_pb_image src=&#8221;https:\/\/sheyun.be\/wp-content\/uploads\/2025\/01\/She-Yun-children-playing-outside.jpg&#8221; alt=&#8221;She Yun children playing outside&#8221; title_text=&#8221;She Yun children playing outside&#8221; align=&#8221;center&#8221; _builder_version=&#8221;4.27.4&#8243; _module_preset=&#8221;default&#8221; global_colors_info=&#8221;{}&#8221;][\/et_pb_image][\/et_pb_column][\/et_pb_row][\/et_pb_section][et_pb_section fb_built=&#8221;1&#8243; _builder_version=&#8221;4.27.4&#8243; _module_preset=&#8221;default&#8221; background_color=&#8221;#F1E5BD&#8221; global_colors_info=&#8221;{}&#8221;][et_pb_row _builder_version=&#8221;4.27.0&#8243; _module_preset=&#8221;default&#8221; global_colors_info=&#8221;{}&#8221;][et_pb_column type=&#8221;4_4&#8243; _builder_version=&#8221;4.27.0&#8243; _module_preset=&#8221;default&#8221; global_colors_info=&#8221;{}&#8221;][et_pb_text _builder_version=&#8221;4.27.4&#8243; _module_preset=&#8221;default&#8221; header_font=&#8221;|800|||||||&#8221; header_line_height=&#8221;1.25em&#8221; global_colors_info=&#8221;{}&#8221;]<\/p>\n<h1>A long-term mutual commitment<\/h1>\n<p>Initially, She Y\u00fcn supported five children. There are now twenty children of all ages &#8211; ten girls and ten boys &#8211; in two centres: Ravangla and Yangang. Fourteen of them live in boarding facilities that provide support, accommodation, and food.<\/p>\n<p>[\/et_pb_text][et_pb_image src=&#8221;https:\/\/sheyun.be\/wp-content\/uploads\/2025\/01\/She-Yun-children-playing-in-their-dorm-room.jpg&#8221; alt=&#8221;She Yun children playing in their dorm room&#8221; title_text=&#8221;She Yun children playing in their dorm room&#8221; align=&#8221;center&#8221; _builder_version=&#8221;4.27.4&#8243; _module_preset=&#8221;default&#8221; global_colors_info=&#8221;{}&#8221;][\/et_pb_image][et_pb_text _builder_version=&#8221;4.27.4&#8243; _module_preset=&#8221;default&#8221; header_font=&#8221;|800|||||||&#8221; header_line_height=&#8221;1.25em&#8221; global_colors_info=&#8221;{}&#8221;]<\/p>\n<h2>She Y\u00fcn Belgium<\/h2>\n<p>The support that <em>She Y\u00fcn Belgium<\/em> provides to these children is long-term: we are committed to accompanying them until the end of their studies or vocational training. For their part, the families undertake to support their children as far as possible in their education.<\/p>\n<p>The heart and lungs of <em>She Y\u00fcn Belgium<\/em> are its donors. Without their donations (individual or collective), almost all of which go to <em>She Yun Sikkim<\/em>, we would not be able to achieve our organisational objectives.<\/p>\n<p>We also carry out frequent fund-raising initiatives to finance our projects (charity meals, concerts, sales of incense, homemade jams and so on).<\/p>\n<p>[\/et_pb_text][\/et_pb_column][\/et_pb_row][\/et_pb_section][et_pb_section fb_built=&#8221;1&#8243; _builder_version=&#8221;4.27.4&#8243; _module_preset=&#8221;default&#8221; background_color=&#8221;#AFAEA6&#8243; global_colors_info=&#8221;{}&#8221;][et_pb_row _builder_version=&#8221;4.27.0&#8243; _module_preset=&#8221;default&#8221; global_colors_info=&#8221;{}&#8221;][et_pb_column type=&#8221;4_4&#8243; _builder_version=&#8221;4.27.0&#8243; _module_preset=&#8221;default&#8221; global_colors_info=&#8221;{}&#8221;][et_pb_text _builder_version=&#8221;4.27.4&#8243; _module_preset=&#8221;default&#8221; global_colors_info=&#8221;{}&#8221;]<\/p>\n<h2>She Y\u00fcn Sikkim<\/h2>\n<p>The necessary steps were taken to set up a sister charity organization in Sikkim (She Y\u00fcn Society, alias <em>She Y\u00fcn Sikkim<\/em>). The activities for which She Y\u00fcn Sikkim is responsible are fundamental: meeting the children and their families to assess their motivation(s) and needs. A vulnerability assessment is also carried out. Once approved, the children are integrated into the programme. She Y\u00fcn Sikkim monitors the children\u2019s school results, looks after their accounts (managing and paying the bills for the schools and boarding facilities), and looks for craft products that we could sell in Belgium for the benefit of the non-profit organisation. And much more besides.<\/p>\n<p>[\/et_pb_text][\/et_pb_column][\/et_pb_row][et_pb_row column_structure=&#8221;1_2,1_2&#8243; _builder_version=&#8221;4.27.4&#8243; _module_preset=&#8221;default&#8221; custom_padding=&#8221;0px||0px||false|false&#8221; global_colors_info=&#8221;{}&#8221;][et_pb_column type=&#8221;1_2&#8243; _builder_version=&#8221;4.27.0&#8243; _module_preset=&#8221;default&#8221; global_colors_info=&#8221;{}&#8221;][et_pb_image src=&#8221;https:\/\/sheyun.be\/wp-content\/uploads\/2024\/06\/sheyun-homepage-image-asset-15.jpg&#8221; title_text=&#8221;sheyun-homepage-image-asset (15)&#8221; _builder_version=&#8221;4.27.0&#8243; _module_preset=&#8221;default&#8221; global_colors_info=&#8221;{}&#8221;][\/et_pb_image][\/et_pb_column][et_pb_column type=&#8221;1_2&#8243; _builder_version=&#8221;4.27.0&#8243; _module_preset=&#8221;default&#8221; global_colors_info=&#8221;{}&#8221;][et_pb_image src=&#8221;https:\/\/sheyun.be\/wp-content\/uploads\/2024\/06\/sheyun-img-asset-1.jpg&#8221; title_text=&#8221;sheyun-img-asset (1)&#8221; _builder_version=&#8221;4.27.4&#8243; _module_preset=&#8221;default&#8221; global_colors_info=&#8221;{}&#8221;][\/et_pb_image][\/et_pb_column][\/et_pb_row][et_pb_row _builder_version=&#8221;4.27.4&#8243; _module_preset=&#8221;default&#8221; custom_padding=&#8221;||50px|||&#8221; global_colors_info=&#8221;{}&#8221;][et_pb_column type=&#8221;4_4&#8243; _builder_version=&#8221;4.27.0&#8243; _module_preset=&#8221;default&#8221; global_colors_info=&#8221;{}&#8221;][et_pb_text _builder_version=&#8221;4.27.4&#8243; _module_preset=&#8221;default&#8221; global_colors_info=&#8221;{}&#8221;]<\/p>\n<p>Diki, the person in charge of She Y\u00fcn Sikkim, regularly sends us news (and beautiful pictures) of the children and their families. You can find them on our <a style=\"color: #800020; text-decoration: underline;\" href=\"https:\/\/www.facebook.com\/people\/She-Yun\/100064953723730\/\" target=\"_blank\" rel=\"noopener\">Facebook page<\/a>.<\/p>\n<p>[\/et_pb_text][\/et_pb_column][\/et_pb_row][\/et_pb_section][et_pb_section fb_built=&#8221;1&#8243; _builder_version=&#8221;4.27.4&#8243; _module_preset=&#8221;default&#8221; background_image=&#8221;https:\/\/sheyun.be\/wp-content\/uploads\/2024\/06\/trekking-1.jpg&#8221; background_enable_image=&#8221;on&#8221; background_size=&#8221;cover&#8221; custom_padding=&#8221;50px||50px||true|false&#8221; global_colors_info=&#8221;{}&#8221;][et_pb_row _builder_version=&#8221;4.27.4&#8243; _module_preset=&#8221;default&#8221; global_colors_info=&#8221;{}&#8221;][et_pb_column type=&#8221;4_4&#8243; _builder_version=&#8221;4.27.0&#8243; _module_preset=&#8221;default&#8221; global_colors_info=&#8221;{}&#8221;][et_pb_blurb title=&#8221;Future Projects&#8221; content_max_width=&#8221;90%&#8221; _builder_version=&#8221;4.27.4&#8243; _module_preset=&#8221;default&#8221; header_level=&#8221;h2&#8243; header_font=&#8221;|700|||||||&#8221; header_text_color=&#8221;#D4AF37&#8243; body_font=&#8221;|800|||||||&#8221; text_orientation=&#8221;center&#8221; background_layout=&#8221;dark&#8221; custom_padding=&#8221;||3px|||&#8221; global_colors_info=&#8221;{}&#8221;]<\/p>\n<p>At the request of Lama Zeupa, we want to continue to expand the group of children who benefit from our programme, as well as create other centres to welcome new children.<\/p>\n<p>[\/et_pb_blurb][\/et_pb_column][\/et_pb_row][\/et_pb_section]<\/p>\n","protected":false},"excerpt":{"rendered":"<p>She Y\u00fcn helps children in Sikkim with their schooling Created in 2014, She Y\u00fcn is an organisation made up of volunteers that support children in their schooling in Sikkim, one of the northern states of India. Children are admitted to our school support programme regardless of their social, ethnic, gender or religious background. She Y\u00fcn [&hellip;]<\/p>\n","protected":false},"author":2,"featured_media":817,"parent":0,"menu_order":0,"comment_status":"closed","ping_status":"closed","template":"","meta":{"give_campaign_id":0,"_et_pb_use_builder":"on","_et_pb_old_content":"<p>[et_pb_section fb_built=\"1\" _builder_version=\"4.27.0\" _module_preset=\"default\" background_image=\"https:\/\/sheyun.be\/wp-content\/uploads\/2024\/01\/Sikkim-mountain-range-home-page-hero-banner-1-min-1-scaled.jpeg\" custom_padding=\"100px||100px||true|false\" global_colors_info=\"{}\"][et_pb_row _builder_version=\"4.27.0\" _module_preset=\"default\" global_colors_info=\"{}\"][et_pb_column type=\"4_4\" _builder_version=\"4.27.0\" _module_preset=\"default\" global_colors_info=\"{}\"][et_pb_image src=\"https:\/\/sheyun.be\/wp-content\/uploads\/2024\/01\/She-Yun-text-image-v2-revised-and-approved-min-e1704780203991.png\" title_text=\"She Yu\u0308n - text image v2 revised and approved-min\" align=\"center\" _builder_version=\"4.27.0\" _module_preset=\"default\" width=\"50%\" global_colors_info=\"{}\"][\/et_pb_image][\/et_pb_column][\/et_pb_row][\/et_pb_section][et_pb_section fb_built=\"1\" _builder_version=\"4.27.0\" _module_preset=\"default\" background_color=\"#AFAEA6\" global_colors_info=\"{}\"][et_pb_row column_structure=\"1_2,1_2\" _builder_version=\"4.27.0\" _module_preset=\"default\" width=\"90%\" max_width=\"100%\" global_colors_info=\"{}\"][et_pb_column type=\"1_2\" _builder_version=\"4.27.0\" _module_preset=\"default\" global_colors_info=\"{}\"][et_pb_text _builder_version=\"4.27.0\" _module_preset=\"default\" ul_line_height=\"1.5em\" background_layout=\"dark\" global_colors_info=\"{}\"]<\/p><h1>She Y\u00fcn<\/h1><h2>She Y\u00fcn helps children in Sikkim with their schooling<\/h2><p>Created in 2014, She Y\u00fcn is an organisation made up of volunteers that support children in their schooling in Sikkim, one of the northern states of India. Children are admitted to our school support programme regardless of their social, ethnic, gender or religious background. She Y\u00fcn means \"education\" in Tibetan. Lama Zeupa - the inspiration behind She Y\u00fcn - considers education to be one of the major keys to personal liberation.<\/p><p>The organisation is structured around two legal entities: She Y\u00fcn asbl in Belgium (aka She Y\u00fcn Belgium) and She Y\u00fcn Society in Sikkim (aka She Y\u00fcn Sikkim):<\/p><ul><li><i>She Y\u00fcn Belgium<\/i>, incorporated as a non-profit association, provides the funds needed to cover the school fees of children who, without this support, would not be able to attend school, for reasons of financial means and\/or geographical accessibility. The region is mountainous. It also works to ensure that the partnership relationship is part of a legal and transparent framework.<\/li><li><i>She Y\u00fcn Sikkim<\/i>, in coordination with <i>She Yun Belgium<\/i>, takes full responsibility for implementing the project on the ground.<\/li><\/ul><p>[\/et_pb_text][\/et_pb_column][et_pb_column type=\"1_2\" _builder_version=\"4.27.0\" _module_preset=\"default\" global_colors_info=\"{}\"][et_pb_image src=\"https:\/\/sheyun.be\/wp-content\/uploads\/2024\/09\/collage-children-dorm-playing.png\" alt=\"Children playing outside and in their dorm at She Y\u00fcn\" title_text=\"collage-children-dorm-playing\" _builder_version=\"4.27.0\" _module_preset=\"default\" global_colors_info=\"{}\"][\/et_pb_image][\/et_pb_column][\/et_pb_row][\/et_pb_section][et_pb_section fb_built=\"1\" _builder_version=\"4.27.0\" _module_preset=\"default\" global_colors_info=\"{}\"][et_pb_row _builder_version=\"4.27.0\" _module_preset=\"default\" global_colors_info=\"{}\"][et_pb_column type=\"4_4\" _builder_version=\"4.27.0\" _module_preset=\"default\" global_colors_info=\"{}\"][et_pb_text _builder_version=\"4.27.0\" _module_preset=\"default\" global_colors_info=\"{}\"]<\/p><h2>A long-term mutual commitment<\/h2><p>Initially, She Y\u00fcn supported five children. There are now twenty children of all ages - ten girls and ten boys - in two centres: Ravangla and Yangang. Fourteen of them live in boarding facilities that provide support, accommodation, and food.<\/p><p>The support that She Y\u00fcn Belgium provides to these children is long-term: we are committed to accompanying them until the end of their studies or vocational training. For their part, the families undertake to support their children as far as possible in their education.<\/p><p>The heart and lungs of She Y\u00fcn Belgium are its donors. Without their donations (individual or collective), almost all of which go to She Yun Sikkim, we would not be able to achieve our organisational objectives.<\/p><p>We also carry out frequent fund-raising initiatives to finance our projects (charity meals, concerts, sales of incense, homemade jams and so on).<\/p><p>[\/et_pb_text][\/et_pb_column][\/et_pb_row][\/et_pb_section][et_pb_section fb_built=\"1\" _builder_version=\"4.27.0\" _module_preset=\"default\" background_color=\"#AFAEA6\" global_colors_info=\"{}\"][et_pb_row column_structure=\"1_2,1_2\" _builder_version=\"4.27.0\" _module_preset=\"default\" global_colors_info=\"{}\"][et_pb_column type=\"1_2\" _builder_version=\"4.27.0\" _module_preset=\"default\" global_colors_info=\"{}\"][et_pb_image src=\"https:\/\/sheyun.be\/wp-content\/uploads\/2024\/06\/sheyun-homepage-image-asset-15.jpg\" title_text=\"sheyun-homepage-image-asset (15)\" _builder_version=\"4.27.0\" _module_preset=\"default\" global_colors_info=\"{}\"][\/et_pb_image][\/et_pb_column][et_pb_column type=\"1_2\" _builder_version=\"4.27.0\" _module_preset=\"default\" global_colors_info=\"{}\"][et_pb_image src=\"https:\/\/sheyun.be\/wp-content\/uploads\/2024\/06\/sheyun-img-asset-3.jpg\" title_text=\"sheyun-img-asset (3)\" _builder_version=\"4.27.0\" _module_preset=\"default\" global_colors_info=\"{}\"][\/et_pb_image][\/et_pb_column][\/et_pb_row][et_pb_row _builder_version=\"4.27.0\" _module_preset=\"default\" global_colors_info=\"{}\"][et_pb_column type=\"4_4\" _builder_version=\"4.27.0\" _module_preset=\"default\" global_colors_info=\"{}\"][et_pb_text _builder_version=\"4.27.0\" _module_preset=\"default\" background_layout=\"dark\" global_colors_info=\"{}\"]<\/p><h2>She Y\u00fcn Sikkim<\/h2><p>The necessary steps were taken to set up a sister charity organization in Sikkim (She Y\u00fcn Society, alias She Y\u00fcn Sikkim). The activities for which She Y\u00fcn Sikkim is responsible are fundamental: meeting the children and their families to assess their motivation(s) and needs. A vulnerability assessment is also carried out. Once approved, the children are integrated into the programme. She Y\u00fcn Sikkim monitors the children\u2019s school results, looks after their accounts (managing and paying the bills for the schools and boarding facilities), and looks for craft products that we could sell in Belgium for the benefit of the non-profit organisation. And much more besides.<\/p><p>Diki, the person in charge of She Y\u00fcn Sikkim, regularly sends us news (and beautiful pictures) of the children and their families. You can find them on our <a style=\"color: #800020; text-decoration: underline;\" href=\"https:\/\/www.facebook.com\/people\/She-Yun\/100064953723730\/\" target=\"_blank\" rel=\"noopener\">Facebook page.<\/a><\/p><p>[\/et_pb_text][\/et_pb_column][\/et_pb_row][\/et_pb_section][et_pb_section fb_built=\"1\" _builder_version=\"4.27.0\" _module_preset=\"default\" background_color=\"#000000\" background_image=\"https:\/\/sheyun.be\/wp-content\/uploads\/2024\/01\/AdobeStock_604577642.png\" background_size=\"stretch\" custom_padding=\"500px||500px||true|false\" global_colors_info=\"{}\"][et_pb_row _builder_version=\"4.27.0\" _module_preset=\"default\" width=\"90%\" max_width=\"100%\" global_colors_info=\"{}\"][et_pb_column type=\"4_4\" _builder_version=\"4.27.0\" _module_preset=\"default\" global_colors_info=\"{}\"][et_pb_blurb title=\"Future projects\" content_max_width=\"90%\" _builder_version=\"4.27.0\" _module_preset=\"default\" header_level=\"h2\" text_orientation=\"center\" background_layout=\"dark\" global_colors_info=\"{}\"]<\/p><p>At the request of Lama Zeupa, we want to continue to expand the group of children who benefit from our programme, as well as create other centres to welcome new children.<\/p><p>[\/et_pb_blurb][\/et_pb_column][\/et_pb_row][\/et_pb_section][et_pb_section fb_built=\"1\" admin_label=\"section\" _builder_version=\"4.16\" global_colors_info=\"{}\"][et_pb_row admin_label=\"row\" _builder_version=\"4.27.0\" global_colors_info=\"{}\"][et_pb_column type=\"4_4\" _builder_version=\"4.16\" custom_padding=\"|||\" global_colors_info=\"{}\" custom_padding__hover=\"|||\"][et_pb_text admin_label=\"Text\" _builder_version=\"4.27.0\" background_size=\"initial\" background_position=\"top_left\" background_repeat=\"repeat\" global_colors_info=\"{}\"]<\/p><h2>Helping She Y\u00fcn is beneficial for my taxes<\/h2><p>Since 2016, She Y\u00fcn asbl in Belgium has been recognised as an organisation authorised to issue donation receipts entitling donors to a tax reduction (for residents paying tax in Belgium).<\/p><p>In other words, if you donate \u20ac40 or more, you will benefit from a reduction in your annual taxes.[\/et_pb_text][et_pb_button button_text=\"Donate Now\" _builder_version=\"4.27.0\" _module_preset=\"default\" custom_button=\"on\" button_text_color=\"#FFFFFF\" button_bg_color=\"#D4AF37\" button_border_width=\"0px\" button_border_radius=\"7px\" button_use_icon=\"off\" custom_padding=\"10px|30px|10px|30px|true|true\" global_colors_info=\"{}\" button_bg_color__hover_enabled=\"on|desktop\" button_bg_color__hover=\"#AA0000\" button_bg_enable_color__hover=\"on\"][\/et_pb_button][\/et_pb_column][\/et_pb_row][\/et_pb_section][et_pb_section fb_built=\"1\" admin_label=\"section\" _builder_version=\"4.27.0\" background_color=\"#AFAEA6\" global_module=\"884\" saved_tabs=\"all\" global_colors_info=\"{}\"][et_pb_row column_structure=\"1_2,1_2\" admin_label=\"row\" _builder_version=\"4.27.0\" global_colors_info=\"{}\"][et_pb_column type=\"1_2\" _builder_version=\"4.16\" custom_padding=\"|||\" global_colors_info=\"{}\" custom_padding__hover=\"|||\"][et_pb_image src=\"https:\/\/sheyun.be\/wp-content\/uploads\/2024\/09\/collage-children-eating.png\" alt=\"She Y\u00fcn children eating\" title_text=\"collage-children-eating\" _builder_version=\"4.27.0\" _module_preset=\"default\" global_colors_info=\"{}\"][\/et_pb_image][\/et_pb_column][et_pb_column type=\"1_2\" _builder_version=\"4.16\" custom_padding=\"|||\" global_colors_info=\"{}\" custom_padding__hover=\"|||\"][et_pb_text admin_label=\"Text\" _builder_version=\"4.27.0\" background_size=\"initial\" background_position=\"top_left\" background_repeat=\"repeat\" background_layout=\"dark\" global_colors_info=\"{}\"]<\/p><h2>Would you like to become a member of our association?<\/h2><p>Don't hesitate to contact She Y\u00fcn Belgium directly by <a style=\"color: #800020;\" href=\"mailto:info@sheyun.be\">email.<\/a> We look forward to hearing from you!<\/p><p>Would you like to help us financially?<\/p><p>Send a donation to She Y\u00fcn asbl (BE88 0688 9965 7041).<\/p><p>Your help will be greatly appreciated.<a href=\"https:\/\/sheyun.be\/contact\/\"><br \/><\/a><\/p><p>[\/et_pb_text][et_pb_button button_url=\"@ET-DC@eyJkeW5hbWljIjp0cnVlLCJjb250ZW50IjoicG9zdF9saW5rX3VybF9wYWdlIiwic2V0dGluZ3MiOnsicG9zdF9pZCI6IjU3OCJ9fQ==@\" button_text=\"Contact us\" _builder_version=\"4.27.0\" _dynamic_attributes=\"button_url\" _module_preset=\"default\" custom_button=\"on\" button_text_color=\"#FFFFFF\" button_bg_color=\"#D4AF37\" button_border_width=\"0px\" button_border_radius=\"7px\" button_use_icon=\"off\" custom_padding=\"10px|30px|10px|30px|true|true\" global_colors_info=\"{}\" button_bg_color__hover_enabled=\"on|desktop\" button_bg_color__hover=\"#AA0000\" button_bg_enable_color__hover=\"on\"][\/et_pb_button][\/et_pb_column][\/et_pb_row][\/et_pb_section]<\/p>","_et_gb_content_width":"","footnotes":""},"class_list":["post-1174","page","type-page","status-publish","has-post-thumbnail","hentry"],"campaignId":"","_links":{"self":[{"href":"https:\/\/sheyun.be\/en\/wp-json\/wp\/v2\/pages\/1174","targetHints":{"allow":["GET"]}}],"collection":[{"href":"https:\/\/sheyun.be\/en\/wp-json\/wp\/v2\/pages"}],"about":[{"href":"https:\/\/sheyun.be\/en\/wp-json\/wp\/v2\/types\/page"}],"author":[{"embeddable":true,"href":"https:\/\/sheyun.be\/en\/wp-json\/wp\/v2\/users\/2"}],"replies":[{"embeddable":true,"href":"https:\/\/sheyun.be\/en\/wp-json\/wp\/v2\/comments?post=1174"}],"version-history":[{"count":36,"href":"https:\/\/sheyun.be\/en\/wp-json\/wp\/v2\/pages\/1174\/revisions"}],"predecessor-version":[{"id":2366,"href":"https:\/\/sheyun.be\/en\/wp-json\/wp\/v2\/pages\/1174\/revisions\/2366"}],"wp:featuredmedia":[{"embeddable":true,"href":"https:\/\/sheyun.be\/en\/wp-json\/wp\/v2\/media\/817"}],"wp:attachment":[{"href":"https:\/\/sheyun.be\/en\/wp-json\/wp\/v2\/media?parent=1174"}],"curies":[{"name":"wp","href":"https:\/\/api.w.org\/{rel}","templated":true}]}}