{"id":1173,"date":"2022-02-18T14:29:25","date_gmt":"2022-02-18T13:29:25","guid":{"rendered":"https:\/\/dev.sheyun.be\/home\/"},"modified":"2025-02-16T12:19:12","modified_gmt":"2025-02-16T11:19:12","slug":"informatie","status":"publish","type":"page","link":"https:\/\/sheyun.be\/nl\/","title":{"rendered":"Informatie"},"content":{"rendered":"<p>[et_pb_section fb_built=&#8221;1&#8243; _builder_version=&#8221;4.27.4&#8243; _module_preset=&#8221;default&#8221; background_enable_image=&#8221;on&#8221; custom_padding=&#8221;50px||50px||true|false&#8221; global_colors_info=&#8221;{}&#8221;][et_pb_row _builder_version=&#8221;4.27.0&#8243; _module_preset=&#8221;default&#8221; global_colors_info=&#8221;{}&#8221;][et_pb_column type=&#8221;4_4&#8243; _builder_version=&#8221;4.27.0&#8243; _module_preset=&#8221;default&#8221; global_colors_info=&#8221;{}&#8221;][et_pb_image src=&#8221;https:\/\/sheyun.be\/wp-content\/uploads\/2024\/01\/She-Yun-text-image-v2-revised-and-approved-min-e1704780203991.png&#8221; title_text=&#8221;She Yu\u0308n &#8211; text image v2 revised and approved-min&#8221; align=&#8221;center&#8221; _builder_version=&#8221;4.27.0&#8243; _module_preset=&#8221;default&#8221; width=&#8221;50%&#8221; global_colors_info=&#8221;{}&#8221;][\/et_pb_image][\/et_pb_column][\/et_pb_row][\/et_pb_section][et_pb_section fb_built=&#8221;1&#8243; _builder_version=&#8221;4.27.4&#8243; _module_preset=&#8221;default&#8221; background_color=&#8221;#AFAEA6&#8243; background_enable_color=&#8221;on&#8221; global_colors_info=&#8221;{}&#8221;][et_pb_row _builder_version=&#8221;4.27.0&#8243; _module_preset=&#8221;default&#8221; width=&#8221;90%&#8221; max_width=&#8221;100%&#8221; global_colors_info=&#8221;{}&#8221;][et_pb_column type=&#8221;4_4&#8243; _builder_version=&#8221;4.27.0&#8243; _module_preset=&#8221;default&#8221; global_colors_info=&#8221;{}&#8221;][et_pb_text ul_type=&#8221;circle&#8221; ul_item_indent=&#8221;25px&#8221; _builder_version=&#8221;4.27.4&#8243; _module_preset=&#8221;default&#8221; ul_line_height=&#8221;1.5em&#8221; header_font=&#8221;|800|||||||&#8221; header_line_height=&#8221;1.25em&#8221; background_layout=&#8221;dark&#8221; hover_enabled=&#8221;0&#8243; global_colors_info=&#8221;{}&#8221; sticky_enabled=&#8221;0&#8243;]<\/p>\n<h1>She Y\u00fcn helpt kinderen in Sikkim met hun scholing<\/h1>\n<p>She Y\u00fcn, opgericht in 2014, is een vrijwilligersorganisatie die kinderen in Sikkim (een van de noordelijke staten van India) ondersteunt gedurende hun schooltraject. Kinderen worden tot ons schoolondersteuningsprogramma toegelaten, ongeacht hun sociale, etnische, gender- of religieuze achtergrond. She Y\u00fcn betekent &#8220;opleiding&#8221; in het Tibetaans. Lama Zeupa &#8211; de inspirator van She Y\u00fcn &#8211; beschouwt onderwijs als een van de belangrijkste sleutels tot persoonlijke bevrijding.<\/p>\n<p>De organisatie bestaat uit twee juridische entiteiten: <strong>She Y\u00fcn vzw<\/strong> in Belgi\u00eb (aka <em>She Y\u00fcn Belgi\u00eb<\/em>) en <strong>She Y\u00fcn Society<\/strong> in Sikkim (aka <em>She Y\u00fcn Sikkim).<\/em><\/p>\n<p>[\/et_pb_text][et_pb_text ul_type=&#8221;circle&#8221; ul_item_indent=&#8221;25px&#8221; _builder_version=&#8221;4.27.4&#8243; _module_preset=&#8221;default&#8221; ul_line_height=&#8221;1.5em&#8221; header_font=&#8221;|800|||||||&#8221; header_line_height=&#8221;1.25em&#8221; background_layout=&#8221;dark&#8221; hover_enabled=&#8221;0&#8243; global_colors_info=&#8221;{}&#8221; sticky_enabled=&#8221;0&#8243;]<\/p>\n<h2>She Y\u00fcn Belgi\u00eb<\/h2>\n<p><em>She Y\u00fcn Belgi\u00eb<\/em>, opgericht als een vzw, voorziet in de nodige fondsen om het schoolgeld te betalen van kinderen die zonder deze steun, omwille van financi\u00eble redenen en\/of geografische bereikbaarheid &#8211; de regio is erg bergachtig &#8211; niet naar school zouden kunnen gaan; ze ijvert er ook voor dat de partnerschapsrelatie deel uitmaakt van een wettelijk en transparant kader.<\/p>\n<h2>She Y\u00fcn Sikkim<\/h2>\n<p><em>She Y\u00fcn Sikkim<\/em> neemt, in co\u00f6rdinatie met <em>She Yun Belgi\u00eb,<\/em> de volledige verantwoordelijkheid voor de uitvoering van het project ter plaatse.<\/p>\n<p>[\/et_pb_text][et_pb_image src=&#8221;https:\/\/sheyun.be\/wp-content\/uploads\/2025\/01\/She-Yun-children-playing-outside.jpg&#8221; alt=&#8221;She Yun children playing outside&#8221; title_text=&#8221;She Yun children playing outside&#8221; _builder_version=&#8221;4.27.4&#8243; _module_preset=&#8221;default&#8221; hover_enabled=&#8221;0&#8243; global_colors_info=&#8221;{}&#8221; align=&#8221;center&#8221; sticky_enabled=&#8221;0&#8243;][\/et_pb_image][\/et_pb_column][\/et_pb_row][\/et_pb_section][et_pb_section fb_built=&#8221;1&#8243; admin_label=&#8221;Section&#8221; _builder_version=&#8221;4.27.4&#8243; _module_preset=&#8221;default&#8221; background_color=&#8221;#F1E5BD&#8221; global_colors_info=&#8221;{}&#8221;][et_pb_row _builder_version=&#8221;4.27.0&#8243; _module_preset=&#8221;default&#8221; global_colors_info=&#8221;{}&#8221;][et_pb_column type=&#8221;4_4&#8243; _builder_version=&#8221;4.27.0&#8243; _module_preset=&#8221;default&#8221; global_colors_info=&#8221;{}&#8221;][et_pb_text _builder_version=&#8221;4.27.4&#8243; _module_preset=&#8221;default&#8221; header_font=&#8221;|800|||||||&#8221; header_line_height=&#8221;1.25em&#8221; custom_padding=&#8221;15px|||||&#8221; hover_enabled=&#8221;0&#8243; global_colors_info=&#8221;{}&#8221; sticky_enabled=&#8221;0&#8243;]<\/p>\n<h1>Een wederzijdse verbintenis op lange termijn<\/h1>\n<p>Aanvankelijk ondersteunde She Y\u00fcn vijf kinderen. Nu zijn er twintig kinderen van alle leeftijden &#8211; tien meisjes en tien jongens &#8211; in twee centra: Ravangla en Yangang. Veertien van hen genieten internaatfaciliteiten (ondersteuning, accommodatie, eten).<\/p>\n<p>[\/et_pb_text][et_pb_image src=&#8221;https:\/\/sheyun.be\/wp-content\/uploads\/2025\/01\/She-Yun-children-playing-in-their-dorm-room.jpg&#8221; _builder_version=&#8221;4.27.4&#8243; _module_preset=&#8221;default&#8221; alt=&#8221;She Yun children playing in their dorm room&#8221; title_text=&#8221;She Yun children playing in their dorm room&#8221; align=&#8221;center&#8221; hover_enabled=&#8221;0&#8243; sticky_enabled=&#8221;0&#8243;][\/et_pb_image][et_pb_text _builder_version=&#8221;4.27.4&#8243; _module_preset=&#8221;default&#8221; header_font=&#8221;|800|||||||&#8221; header_line_height=&#8221;1.25em&#8221; custom_padding=&#8221;15px|||||&#8221; hover_enabled=&#8221;0&#8243; global_colors_info=&#8221;{}&#8221; sticky_enabled=&#8221;0&#8243;]<\/p>\n<h2>She Y\u00fcn Belgi\u00eb<\/h2>\n<p>De steun die <em>She Y\u00fcn Belgi\u00eb<\/em> biedt aan deze kinderen is van lange duur: we verbinden ons ertoe hen te begeleiden tot het einde van hun studies of beroepsopleiding. De families van hun kant verbinden zich ertoe al het mogelijke in het werk te stellen, om hun kinderen te steunen in hun leerproject.<\/p>\n<p>Het hart en de longen van <em>She Y\u00fcn Belgi\u00eb<\/em> zijn de donateurs. Zonder hun giften (individueel of collectief), die bijna volledig naar <em>She Y\u00fcn Sikkim<\/em> gaan, zouden we onze organisatorische doelstellingen niet kunnen bereiken.<\/p>\n<p>We organiseren ook occasionele evenementen (benefietmaaltijden, concerten, verkoop van wierook, zelfgemaakte jam en andere producten) om onze projecten te financieren.<\/p>\n<p>[\/et_pb_text][\/et_pb_column][\/et_pb_row][\/et_pb_section][et_pb_section fb_built=&#8221;1&#8243; _builder_version=&#8221;4.27.4&#8243; _module_preset=&#8221;default&#8221; background_color=&#8221;#AFAEA6&#8243; global_colors_info=&#8221;{}&#8221;][et_pb_row _builder_version=&#8221;4.27.0&#8243; _module_preset=&#8221;default&#8221; global_colors_info=&#8221;{}&#8221;][et_pb_column type=&#8221;4_4&#8243; _builder_version=&#8221;4.27.0&#8243; _module_preset=&#8221;default&#8221; global_colors_info=&#8221;{}&#8221;][et_pb_text _builder_version=&#8221;4.27.4&#8243; _module_preset=&#8221;default&#8221; hover_enabled=&#8221;0&#8243; global_colors_info=&#8221;{}&#8221; sticky_enabled=&#8221;0&#8243;]<\/p>\n<h2>She Y\u00fcn Sikkim<\/h2>\n<p>Alle stappen werden genomen om een zusterorganisatie in Sikkim op te richten: She Y\u00fcn Society, aka <em>She Y\u00fcn Sikkim<\/em>. De activiteiten waarvoor She Y\u00fcn Sikkim verantwoordelijk is, zijn fundamenteel: de kinderen en hun families ontmoeten om hun motivatie(s) en behoeften te beoordelen (we hebben samen met She Y\u00fcn Sikkim kwetsbaarheidscriteria bepaald) voordat ze in het programma worden opgenomen, hun schoolresultaten opvolgen, de boekhouding verzorgen (de rekeningen voor de scholen en internaten beheren en betalen), op zoek gaan naar ambachtelijke producten die we in Belgi\u00eb kunnen verkopen ten voordele van de vzw, en nog veel meer.<\/p>\n<p>[\/et_pb_text][\/et_pb_column][\/et_pb_row][et_pb_row column_structure=&#8221;1_2,1_2&#8243; _builder_version=&#8221;4.27.4&#8243; _module_preset=&#8221;default&#8221; custom_padding=&#8221;0px||0px||false|false&#8221; global_colors_info=&#8221;{}&#8221;][et_pb_column type=&#8221;1_2&#8243; _builder_version=&#8221;4.27.0&#8243; _module_preset=&#8221;default&#8221; global_colors_info=&#8221;{}&#8221;][et_pb_image src=&#8221;https:\/\/sheyun.be\/wp-content\/uploads\/2024\/06\/sheyun-homepage-image-asset-15.jpg&#8221; title_text=&#8221;sheyun-homepage-image-asset (15)&#8221; _builder_version=&#8221;4.27.0&#8243; _module_preset=&#8221;default&#8221; global_colors_info=&#8221;{}&#8221;][\/et_pb_image][\/et_pb_column][et_pb_column type=&#8221;1_2&#8243; _builder_version=&#8221;4.27.0&#8243; _module_preset=&#8221;default&#8221; global_colors_info=&#8221;{}&#8221;][et_pb_image src=&#8221;https:\/\/sheyun.be\/wp-content\/uploads\/2024\/06\/sheyun-img-asset-1.jpg&#8221; title_text=&#8221;sheyun-img-asset (1)&#8221; _builder_version=&#8221;4.27.4&#8243; _module_preset=&#8221;default&#8221; hover_enabled=&#8221;0&#8243; global_colors_info=&#8221;{}&#8221; sticky_enabled=&#8221;0&#8243;][\/et_pb_image][\/et_pb_column][\/et_pb_row][et_pb_row _builder_version=&#8221;4.27.0&#8243; _module_preset=&#8221;default&#8221; custom_padding=&#8221;||50px|||&#8221; global_colors_info=&#8221;{}&#8221;][et_pb_column type=&#8221;4_4&#8243; _builder_version=&#8221;4.27.0&#8243; _module_preset=&#8221;default&#8221; global_colors_info=&#8221;{}&#8221;][et_pb_text _builder_version=&#8221;4.27.4&#8243; _module_preset=&#8221;default&#8221; global_colors_info=&#8221;{}&#8221;]<\/p>\n<p>Diki, die verantwoordelijk is voor She Y\u00fcn Sikkim, stuurt ons regelmatig nieuws (en prachtige foto&#8217;s) van de kinderen en hun families. Je kunt ze vinden op onze <a style=\"color: #800020; text-decoration: underline;\" href=\"https:\/\/www.facebook.com\/people\/She-Yun\/100064953723730\/\" target=\"_blank\" rel=\"noopener\">Facebook pagina<\/a>.<\/p>\n<p>[\/et_pb_text][\/et_pb_column][\/et_pb_row][\/et_pb_section][et_pb_section fb_built=&#8221;1&#8243; _builder_version=&#8221;4.27.4&#8243; _module_preset=&#8221;default&#8221; background_image=&#8221;https:\/\/sheyun.be\/wp-content\/uploads\/2024\/06\/trekking-1.jpg&#8221; background_enable_image=&#8221;on&#8221; background_size=&#8221;cover&#8221; custom_padding=&#8221;50px||50px||true|false&#8221; global_colors_info=&#8221;{}&#8221;][et_pb_row _builder_version=&#8221;4.27.4&#8243; _module_preset=&#8221;default&#8221; global_colors_info=&#8221;{}&#8221;][et_pb_column type=&#8221;4_4&#8243; _builder_version=&#8221;4.27.0&#8243; _module_preset=&#8221;default&#8221; global_colors_info=&#8221;{}&#8221;][et_pb_blurb title=&#8221;Toekomstige Projecten&#8221; content_max_width=&#8221;90%&#8221; _builder_version=&#8221;4.27.4&#8243; _module_preset=&#8221;default&#8221; header_level=&#8221;h2&#8243; header_font=&#8221;|600|||||||&#8221; header_text_color=&#8221;#D4AF37&#8243; body_font=&#8221;|800|||||||&#8221; text_orientation=&#8221;center&#8221; background_layout=&#8221;dark&#8221; global_colors_info=&#8221;{}&#8221;]<\/p>\n<p>Op verzoek van Lama Zeupa willen we de groep kinderen die deel uitmaken van ons programma, blijven uitbreiden en ook andere centra oprichten om nieuwe kinderen op te vangen.<\/p>\n<p>[\/et_pb_blurb][\/et_pb_column][\/et_pb_row][\/et_pb_section]<\/p>\n","protected":false},"excerpt":{"rendered":"<p>She Y\u00fcn helpt kinderen in Sikkim met hun scholing She Y\u00fcn, opgericht in 2014, is een vrijwilligersorganisatie die kinderen in Sikkim (een van de noordelijke staten van India) ondersteunt gedurende hun schooltraject. Kinderen worden tot ons schoolondersteuningsprogramma toegelaten, ongeacht hun sociale, etnische, gender- of religieuze achtergrond. She Y\u00fcn betekent &#8220;opleiding&#8221; in het Tibetaans. Lama Zeupa [&hellip;]<\/p>\n","protected":false},"author":2,"featured_media":1059,"parent":0,"menu_order":0,"comment_status":"closed","ping_status":"closed","template":"","meta":{"give_campaign_id":0,"_et_pb_use_builder":"on","_et_pb_old_content":"<img src=\"https:\/\/sheyun.be\/wp-content\/uploads\/2024\/01\/logo-transparent.png\" sizes=\"(max-width: 1360px) 100vw, 1360px\" srcset=\"https:\/\/sheyun.be\/wp-content\/uploads\/2024\/01\/logo-transparent.png 1360w, https:\/\/sheyun.be\/wp-content\/uploads\/2024\/01\/logo-transparent-600x500.png 600w, https:\/\/sheyun.be\/wp-content\/uploads\/2024\/01\/logo-transparent-300x250.png 300w, https:\/\/sheyun.be\/wp-content\/uploads\/2024\/01\/logo-transparent-1024x854.png 1024w, https:\/\/sheyun.be\/wp-content\/uploads\/2024\/01\/logo-transparent-768x640.png 768w, https:\/\/sheyun.be\/wp-content\/uploads\/2024\/01\/logo-transparent-370x309.png 370w, https:\/\/sheyun.be\/wp-content\/uploads\/2024\/01\/logo-transparent-840x700.png 840w, https:\/\/sheyun.be\/wp-content\/uploads\/2024\/01\/logo-transparent-410x342.png 410w\" alt=\"\" width=\"1360\" height=\"1134\" \/>\r\n<a href=\"#\">\r\nDonate Now\r\n<\/a>\r\n[language-switcher]\r\n<img src=\"https:\/\/sheyun.be\/wp-content\/uploads\/2024\/01\/She-Yun-text-image-v2-revised-and-approved-min-e1704780203991-1024x516.png\" sizes=\"(max-width: 800px) 100vw, 800px\" srcset=\"https:\/\/sheyun.be\/wp-content\/uploads\/2024\/01\/She-Yun-text-image-v2-revised-and-approved-min-e1704780203991-1024x516.png 1024w, https:\/\/sheyun.be\/wp-content\/uploads\/2024\/01\/She-Yun-text-image-v2-revised-and-approved-min-e1704780203991-600x303.png 600w, https:\/\/sheyun.be\/wp-content\/uploads\/2024\/01\/She-Yun-text-image-v2-revised-and-approved-min-e1704780203991-300x151.png 300w, https:\/\/sheyun.be\/wp-content\/uploads\/2024\/01\/She-Yun-text-image-v2-revised-and-approved-min-e1704780203991-768x387.png 768w, https:\/\/sheyun.be\/wp-content\/uploads\/2024\/01\/She-Yun-text-image-v2-revised-and-approved-min-e1704780203991-1536x775.png 1536w, https:\/\/sheyun.be\/wp-content\/uploads\/2024\/01\/She-Yun-text-image-v2-revised-and-approved-min-e1704780203991-2048x1033.png 2048w, https:\/\/sheyun.be\/wp-content\/uploads\/2024\/01\/She-Yun-text-image-v2-revised-and-approved-min-e1704780203991-370x187.png 370w, https:\/\/sheyun.be\/wp-content\/uploads\/2024\/01\/She-Yun-text-image-v2-revised-and-approved-min-e1704780203991-840x424.png 840w, https:\/\/sheyun.be\/wp-content\/uploads\/2024\/01\/She-Yun-text-image-v2-revised-and-approved-min-e1704780203991-410x207.png 410w\" alt=\"\" width=\"800\" height=\"403\" \/>\r\n<h1>She Y\u00fcn<\/h1>\r\n<h2>She Y\u00fcn helps children in Sikkim with their schooling<\/h2>\r\nCreated in 2014, She Y\u00fcn is an organisation made up of volunteers that support children in their schooling in Sikkim, one of the northern states of India. Children are admitted to our school support programme regardless of their social, ethnic, gender or religious background. She Y\u00fcn means \"education\" in Tibetan. Lama Zeupa - the inspiration behind She Y\u00fcn - considers education to be one of the major keys to personal liberation.\r\n\r\nThe organisation is structured around two legal entities: She Y\u00fcn asbl in Belgium (aka She Y\u00fcn Belgium) and She Y\u00fcn Society in Sikkim (aka She Y\u00fcn Sikkim):\r\n<ul>\r\n \t<li style=\"font-weight: 400;\" aria-level=\"1\"><i>She Y\u00fcn Belgium<\/i>, incorporated as a non-profit association, provides the funds needed to cover the school fees of children who, without this support, would not be able to attend school, for reasons of financial means and\/or geographical accessibility. The region is mountainous. It also works to ensure that the partnership relationship is part of a legal and transparent framework.<\/li>\r\n \t<li style=\"font-weight: 400;\" aria-level=\"1\"><i>She Y\u00fcn Sikkim<\/i>, in coordination with <i>She Yun Belgium<\/i>, takes full responsibility for implementing the project on the ground.<\/li>\r\n<\/ul>\r\n<img src=\"https:\/\/sheyun.be\/wp-content\/uploads\/2024\/06\/sheyun-img-asset-7.jpg\" sizes=\"(max-width: 1600px) 100vw, 1600px\" srcset=\"https:\/\/sheyun.be\/wp-content\/uploads\/2024\/06\/sheyun-img-asset-7.jpg 1600w, https:\/\/sheyun.be\/wp-content\/uploads\/2024\/06\/sheyun-img-asset-7-300x225.jpg 300w, https:\/\/sheyun.be\/wp-content\/uploads\/2024\/06\/sheyun-img-asset-7-1024x768.jpg 1024w, https:\/\/sheyun.be\/wp-content\/uploads\/2024\/06\/sheyun-img-asset-7-768x576.jpg 768w, https:\/\/sheyun.be\/wp-content\/uploads\/2024\/06\/sheyun-img-asset-7-1536x1152.jpg 1536w, https:\/\/sheyun.be\/wp-content\/uploads\/2024\/06\/sheyun-img-asset-7-1320x990.jpg 1320w, https:\/\/sheyun.be\/wp-content\/uploads\/2024\/06\/sheyun-img-asset-7-600x450.jpg 600w, https:\/\/sheyun.be\/wp-content\/uploads\/2024\/06\/sheyun-img-asset-7-760x570.jpg 760w, https:\/\/sheyun.be\/wp-content\/uploads\/2024\/06\/sheyun-img-asset-7-370x278.jpg 370w\" alt=\"\" width=\"1600\" height=\"1200\" \/>\r\n<img title=\"sheyun-homepage-image-asset (10)\" src=\"https:\/\/sheyun.be\/wp-content\/uploads\/elementor\/thumbs\/sheyun-homepage-image-asset-10-qp5oweuu2wkahf1180w2k2h5yp3np1rgv9qawzjzig.jpg\" alt=\"sheyun-homepage-image-asset (10)\" \/>\r\n<img title=\"sheyun-img-asset (2)\" src=\"https:\/\/sheyun.be\/wp-content\/uploads\/elementor\/thumbs\/sheyun-img-asset-2-qp5maaankrt83se5s1sp2h3luwmtdd70aob6lhl1u8.jpg\" alt=\"sheyun-img-asset (2)\" \/>\r\n<h2>A long-term mutual commitment<\/h2>\r\nInitially, She Y\u00fcn supported five children. There are now twenty children of all ages - ten girls and ten boys - in two centres: Ravangla and Yangang. Fourteen of them live in boarding facilities that provide support, accommodation, and food.\r\n\r\nThe support that She Y\u00fcn Belgium provides to these children is long-term: we are committed to accompanying them until the end of their studies or vocational training. For their part, the families undertake to support their children as far as possible in their education.\r\n\r\nThe heart and lungs of She Y\u00fcn Belgium are its donors. Without their donations (individual or collective), almost all of which go to She Yun Sikkim, we would not be able to achieve our organisational objectives.\r\n\r\nWe also carry out frequent fund-raising initiatives to finance our projects (charity meals, concerts, sales of incense, homemade jams and so on).\r\n\r\n<img src=\"https:\/\/sheyun.be\/wp-content\/uploads\/2024\/06\/sheyun-homepage-image-asset-15.jpg\" sizes=\"(max-width: 1600px) 100vw, 1600px\" srcset=\"https:\/\/sheyun.be\/wp-content\/uploads\/2024\/06\/sheyun-homepage-image-asset-15.jpg 1600w, https:\/\/sheyun.be\/wp-content\/uploads\/2024\/06\/sheyun-homepage-image-asset-15-300x225.jpg 300w, https:\/\/sheyun.be\/wp-content\/uploads\/2024\/06\/sheyun-homepage-image-asset-15-1024x768.jpg 1024w, https:\/\/sheyun.be\/wp-content\/uploads\/2024\/06\/sheyun-homepage-image-asset-15-768x576.jpg 768w, https:\/\/sheyun.be\/wp-content\/uploads\/2024\/06\/sheyun-homepage-image-asset-15-1536x1152.jpg 1536w, https:\/\/sheyun.be\/wp-content\/uploads\/2024\/06\/sheyun-homepage-image-asset-15-1320x990.jpg 1320w, https:\/\/sheyun.be\/wp-content\/uploads\/2024\/06\/sheyun-homepage-image-asset-15-600x450.jpg 600w, https:\/\/sheyun.be\/wp-content\/uploads\/2024\/06\/sheyun-homepage-image-asset-15-760x570.jpg 760w, https:\/\/sheyun.be\/wp-content\/uploads\/2024\/06\/sheyun-homepage-image-asset-15-370x278.jpg 370w\" alt=\"\" width=\"1600\" height=\"1200\" \/>\r\n<img src=\"https:\/\/sheyun.be\/wp-content\/uploads\/2024\/06\/sheyun-img-asset-3.jpg\" sizes=\"(max-width: 1040px) 100vw, 1040px\" srcset=\"https:\/\/sheyun.be\/wp-content\/uploads\/2024\/06\/sheyun-img-asset-3.jpg 1040w, https:\/\/sheyun.be\/wp-content\/uploads\/2024\/06\/sheyun-img-asset-3-300x225.jpg 300w, https:\/\/sheyun.be\/wp-content\/uploads\/2024\/06\/sheyun-img-asset-3-1024x768.jpg 1024w, https:\/\/sheyun.be\/wp-content\/uploads\/2024\/06\/sheyun-img-asset-3-768x576.jpg 768w, https:\/\/sheyun.be\/wp-content\/uploads\/2024\/06\/sheyun-img-asset-3-600x450.jpg 600w, https:\/\/sheyun.be\/wp-content\/uploads\/2024\/06\/sheyun-img-asset-3-760x570.jpg 760w, https:\/\/sheyun.be\/wp-content\/uploads\/2024\/06\/sheyun-img-asset-3-370x278.jpg 370w\" alt=\"\" width=\"1040\" height=\"780\" \/>\r\n<h2>She Y\u00fcn Sikkim<\/h2>\r\nThe necessary steps were taken to set up a sister charity organization in Sikkim (She Y\u00fcn Society, alias She Y\u00fcn Sikkim). The activities for which She Y\u00fcn Sikkim is responsible are fundamental: meeting the children and their families to assess their motivation(s) and needs. A vulnerability assessment is also carried out. Once approved, the children are integrated into the programme. She Y\u00fcn Sikkim monitors the children\u2019s school results, looks after their accounts (managing and paying the bills for the schools and boarding facilities), and looks for craft products that we could sell in Belgium for the benefit of the non-profit organisation. And much more besides.\r\n\r\nDiki, the person in charge of She Y\u00fcn Sikkim, regularly sends us news (and beautiful pictures) of the children and their families. You can find them on our <a style=\"color: #800020; text-decoration: underline;\" href=\"https:\/\/www.facebook.com\/people\/She-Yun\/100064953723730\/\">Facebook page.<\/a>\r\n\r\nAt the request of Lama Zeupa, we aim to continue expanding the group of children benefiting from our program, as well as creating additional centers to accommodate new children.\r\n<h2>Future projects<\/h2>\r\nAt the request of Lama Zeupa, we want to continue to expand the group of children who benefit from our programme, as well as create other centres to welcome new children.\r\n\r\nSince 2016, She Y\u00fcn in Belgium has been recognized as an organization authorized to issue certificates for charitable donations that qualify for tax deductions for donors (for residents paying tax in Belgium).\r\n\r\nIn simple terms, if you donate \u20ac40 or more, you may be eligible for a reduction in your taxable income.\r\n<h2>Helping She Y\u00fcn is beneficial for my taxes<\/h2>\r\nSince 2016, She Y\u00fcn asbl in Belgium has been recognised as an organisation authorised to issue donation receipts entitling donors to a tax reduction (for residents paying tax in Belgium).\r\n\r\nIn other words, if you donate \u20ac40 or more, you will benefit from a reduction in your annual taxes.\r\n\r\n<a href=\"https:\/\/sheyun.be\/donations\/498\/\">\r\nDonate Now\r\n<\/a>\r\n<img src=\"https:\/\/sheyun.be\/wp-content\/uploads\/2024\/06\/sheyun-homepage-image-asset-8.jpg\" sizes=\"(max-width: 1600px) 100vw, 1600px\" srcset=\"https:\/\/sheyun.be\/wp-content\/uploads\/2024\/06\/sheyun-homepage-image-asset-8.jpg 1600w, https:\/\/sheyun.be\/wp-content\/uploads\/2024\/06\/sheyun-homepage-image-asset-8-300x225.jpg 300w, https:\/\/sheyun.be\/wp-content\/uploads\/2024\/06\/sheyun-homepage-image-asset-8-1024x768.jpg 1024w, https:\/\/sheyun.be\/wp-content\/uploads\/2024\/06\/sheyun-homepage-image-asset-8-768x576.jpg 768w, https:\/\/sheyun.be\/wp-content\/uploads\/2024\/06\/sheyun-homepage-image-asset-8-1536x1152.jpg 1536w, https:\/\/sheyun.be\/wp-content\/uploads\/2024\/06\/sheyun-homepage-image-asset-8-1320x990.jpg 1320w, https:\/\/sheyun.be\/wp-content\/uploads\/2024\/06\/sheyun-homepage-image-asset-8-600x450.jpg 600w, https:\/\/sheyun.be\/wp-content\/uploads\/2024\/06\/sheyun-homepage-image-asset-8-760x570.jpg 760w, https:\/\/sheyun.be\/wp-content\/uploads\/2024\/06\/sheyun-homepage-image-asset-8-370x278.jpg 370w\" alt=\"\" width=\"1600\" height=\"1200\" \/>\r\n<img title=\"sheyun-img-asset (1)\" src=\"https:\/\/sheyun.be\/wp-content\/uploads\/elementor\/thumbs\/sheyun-img-asset-1-qp5ma7h3jn5vdznho90e8jj6zhcfuitf9j1nl5qjxs.jpg\" alt=\"sheyun-img-asset (1)\" \/>\r\n<h2>Would you like to become a member of our association?<\/h2>\r\nDon't hesitate to contact She Y\u00fcn Belgium directly by <a style=\"color: #800020;\" href=\"mailto:info@sheyun.be\">email.<\/a> We look forward to hearing from you!\r\n\r\nWould you like to help us financially?\r\n\r\nSend a donation to She Y\u00fcn asbl (BE88 0688 9965 7041).\r\n\r\nYour help will be greatly appreciated.\r\n\r\n<a href=\"https:\/\/sheyun.be\/contact\/\">\r\nContact Us\r\n<\/a>","_et_gb_content_width":"","footnotes":""},"class_list":["post-1173","page","type-page","status-publish","has-post-thumbnail","hentry"],"campaignId":"","_links":{"self":[{"href":"https:\/\/sheyun.be\/nl\/wp-json\/wp\/v2\/pages\/1173","targetHints":{"allow":["GET"]}}],"collection":[{"href":"https:\/\/sheyun.be\/nl\/wp-json\/wp\/v2\/pages"}],"about":[{"href":"https:\/\/sheyun.be\/nl\/wp-json\/wp\/v2\/types\/page"}],"author":[{"embeddable":true,"href":"https:\/\/sheyun.be\/nl\/wp-json\/wp\/v2\/users\/2"}],"replies":[{"embeddable":true,"href":"https:\/\/sheyun.be\/nl\/wp-json\/wp\/v2\/comments?post=1173"}],"version-history":[{"count":42,"href":"https:\/\/sheyun.be\/nl\/wp-json\/wp\/v2\/pages\/1173\/revisions"}],"predecessor-version":[{"id":2187,"href":"https:\/\/sheyun.be\/nl\/wp-json\/wp\/v2\/pages\/1173\/revisions\/2187"}],"wp:featuredmedia":[{"embeddable":true,"href":"https:\/\/sheyun.be\/nl\/wp-json\/wp\/v2\/media\/1059"}],"wp:attachment":[{"href":"https:\/\/sheyun.be\/nl\/wp-json\/wp\/v2\/media?parent=1173"}],"curies":[{"name":"wp","href":"https:\/\/api.w.org\/{rel}","templated":true}]}}